{"id":57,"date":"2023-05-31T11:10:15","date_gmt":"2023-05-31T11:10:15","guid":{"rendered":"https:\/\/diamondsbeach.com\/?page_id=57"},"modified":"2023-05-31T18:05:23","modified_gmt":"2023-05-31T18:05:23","slug":"dankeseite","status":"publish","type":"page","link":"https:\/\/diamondsbeach.com\/en\/dankeseite\/","title":{"rendered":"Thank you page"},"content":{"rendered":"<div data-elementor-type=\"wp-page\" data-elementor-id=\"57\" class=\"elementor elementor-57\">\n\t\t\t\t\t\t<section class=\"elementor-section elementor-top-section elementor-element elementor-element-1f704316 elementor-section-content-middle elementor-section-boxed elementor-section-height-default elementor-section-height-default\" data-id=\"1f704316\" data-element_type=\"section\" data-settings=\"{&quot;background_background&quot;:&quot;classic&quot;}\">\n\t\t\t\t\t\t<div class=\"elementor-container elementor-column-gap-no\">\n\t\t\t\t\t<div class=\"elementor-column elementor-col-50 elementor-top-column elementor-element elementor-element-39889282\" data-id=\"39889282\" data-element_type=\"column\">\n\t\t\t<div class=\"elementor-widget-wrap elementor-element-populated\">\n\t\t\t\t\t\t<div class=\"elementor-element elementor-element-15189aa5 elementor-widget elementor-widget-image\" data-id=\"15189aa5\" data-element_type=\"widget\" data-widget_type=\"image.default\">\n\t\t\t\t<div class=\"elementor-widget-container\">\n\t\t\t\t\t\t\t\t\t\t\t\t\t\t\t<img fetchpriority=\"high\" decoding=\"async\" width=\"3750\" height=\"3750\" src=\"https:\/\/diamondsbeach.com\/wp-content\/uploads\/2023\/05\/3.png\" class=\"attachment-full size-full wp-image-73\" alt=\"\" srcset=\"https:\/\/diamondsbeach.com\/wp-content\/uploads\/2023\/05\/3.png 3750w, https:\/\/diamondsbeach.com\/wp-content\/uploads\/2023\/05\/3-300x300.png 300w, https:\/\/diamondsbeach.com\/wp-content\/uploads\/2023\/05\/3-1024x1024.png 1024w, https:\/\/diamondsbeach.com\/wp-content\/uploads\/2023\/05\/3-150x150.png 150w, https:\/\/diamondsbeach.com\/wp-content\/uploads\/2023\/05\/3-768x768.png 768w, https:\/\/diamondsbeach.com\/wp-content\/uploads\/2023\/05\/3-1536x1536.png 1536w, https:\/\/diamondsbeach.com\/wp-content\/uploads\/2023\/05\/3-2048x2048.png 2048w\" sizes=\"(max-width: 3750px) 100vw, 3750px\" \/>\t\t\t\t\t\t\t\t\t\t\t\t\t\t\t<\/div>\n\t\t\t\t<\/div>\n\t\t\t\t\t<\/div>\n\t\t<\/div>\n\t\t\t\t<div class=\"elementor-column elementor-col-50 elementor-top-column elementor-element elementor-element-4bc00665\" data-id=\"4bc00665\" data-element_type=\"column\">\n\t\t\t<div class=\"elementor-widget-wrap elementor-element-populated\">\n\t\t\t\t\t\t<div class=\"elementor-element elementor-element-57874716 elementor-widget elementor-widget-heading\" data-id=\"57874716\" data-element_type=\"widget\" data-widget_type=\"heading.default\">\n\t\t\t\t<div class=\"elementor-widget-container\">\n\t\t\t\t\t<h4 class=\"elementor-heading-title elementor-size-default\">Danke! Thank You! Muchas Gracias!<\/h4>\t\t\t\t<\/div>\n\t\t\t\t<\/div>\n\t\t\t\t<div class=\"elementor-element elementor-element-43ac89f5 elementor-widget elementor-widget-text-editor\" data-id=\"43ac89f5\" data-element_type=\"widget\" data-widget_type=\"text-editor.default\">\n\t\t\t\t<div class=\"elementor-widget-container\">\n\t\t\t\t\t\t\t\t\t<p><span style=\"color: #ffffff;\">Super das du uns kontaktiert hast! Wir werden uns schnellstm\u00f6glich bei dir melden! Chillige Gr\u00fc\u00dfe!<\/span><\/p><p><span style=\"color: #ffffff;\">Great that you contacted us! We will contact you as soon as possible! Cheerful greetings<\/span><\/p><p><span style=\"color: #ffffff;\">\u00a1Qu\u00e9 bien que te hayas puesto en contacto con nosotros! \u00a1Nos pondremos en contacto con usted tan pronto como sea posible! Saludos alegres!<\/span><\/p><p><strong><span style=\"color: #f3d190;\">Diamonds Beach<\/span><\/strong><\/p><p>\u00a0<\/p>\t\t\t\t\t\t\t\t<\/div>\n\t\t\t\t<\/div>\n\t\t\t\t\t<\/div>\n\t\t<\/div>\n\t\t\t\t\t<\/div>\n\t\t<\/section>\n\t\t\t\t<section class=\"elementor-section elementor-top-section elementor-element elementor-element-7956d1aa elementor-section-full_width elementor-section-content-middle elementor-section-height-default elementor-section-height-default\" data-id=\"7956d1aa\" data-element_type=\"section\" data-settings=\"{&quot;background_background&quot;:&quot;classic&quot;}\">\n\t\t\t\t\t\t<div class=\"elementor-container elementor-column-gap-no\">\n\t\t\t\t\t<div class=\"elementor-column elementor-col-50 elementor-top-column elementor-element elementor-element-3078c592\" data-id=\"3078c592\" data-element_type=\"column\">\n\t\t\t<div class=\"elementor-widget-wrap elementor-element-populated\">\n\t\t\t\t\t\t<div class=\"elementor-element elementor-element-262fae6e elementor-widget__width-auto elementor-widget elementor-widget-heading\" data-id=\"262fae6e\" data-element_type=\"widget\" data-widget_type=\"heading.default\">\n\t\t\t\t<div class=\"elementor-widget-container\">\n\t\t\t\t\t<p class=\"elementor-heading-title elementor-size-default\">\u00a9 2023 Diamonds Beach. All Rights Reserved.<\/p>\t\t\t\t<\/div>\n\t\t\t\t<\/div>\n\t\t\t\t<div class=\"elementor-element elementor-element-582e4b03 e-grid-align-left elementor-widget__width-auto elementor-shape-rounded elementor-grid-0 elementor-widget elementor-widget-social-icons\" data-id=\"582e4b03\" data-element_type=\"widget\" data-widget_type=\"social-icons.default\">\n\t\t\t\t<div class=\"elementor-widget-container\">\n\t\t\t\t\t\t\t<div class=\"elementor-social-icons-wrapper elementor-grid\">\n\t\t\t\t\t\t\t<span class=\"elementor-grid-item\">\n\t\t\t\t\t<a class=\"elementor-icon elementor-social-icon elementor-social-icon-instagram elementor-animation-float elementor-repeater-item-79c19eb\" href=\"https:\/\/www.instagram.com\/diamondsbeach_mallorca\/\" target=\"_blank\">\n\t\t\t\t\t\t<span class=\"elementor-screen-only\">Instagram<\/span>\n\t\t\t\t\t\t<i class=\"fab fa-instagram\"><\/i>\t\t\t\t\t<\/a>\n\t\t\t\t<\/span>\n\t\t\t\t\t<\/div>\n\t\t\t\t\t\t<\/div>\n\t\t\t\t<\/div>\n\t\t\t\t\t<\/div>\n\t\t<\/div>\n\t\t\t\t<div class=\"elementor-column elementor-col-50 elementor-top-column elementor-element elementor-element-3c8e2e22\" data-id=\"3c8e2e22\" data-element_type=\"column\">\n\t\t\t<div class=\"elementor-widget-wrap elementor-element-populated\">\n\t\t\t\t\t\t<div class=\"elementor-element elementor-element-dc05573 elementor-widget elementor-widget-text-editor\" data-id=\"dc05573\" data-element_type=\"widget\" data-widget_type=\"text-editor.default\">\n\t\t\t\t<div class=\"elementor-widget-container\">\n\t\t\t\t\t\t\t\t\t<p><a href=\"https:\/\/diamondsbeach.com\/en\/impressum\/\"><span style=\"color: #ffffff;\">imprint<\/span><\/a><span style=\"color: #ffffff;\"> | <a style=\"color: #ffffff;\" href=\"https:\/\/diamondsbeach.com\/en\/datenschutz\/\">data protection<\/a><\/span><\/p>\t\t\t\t\t\t\t\t<\/div>\n\t\t\t\t<\/div>\n\t\t\t\t\t<\/div>\n\t\t<\/div>\n\t\t\t\t\t<\/div>\n\t\t<\/section>\n\t\t\t\t<\/div>","protected":false},"excerpt":{"rendered":"<p>Danke! Thank You! Muchas Gracias! Super das du uns kontaktiert hast! Wir werden uns schnellstm\u00f6glich bei dir melden! Chillige Gr\u00fc\u00dfe! Great that you contacted us! We will contact you as soon as possible! Cheerful greetings \u00a1Qu\u00e9 bien que te hayas puesto en contacto con nosotros! \u00a1Nos pondremos en contacto con usted tan pronto como sea [&hellip;]<\/p>\n","protected":false},"author":1,"featured_media":0,"parent":0,"menu_order":0,"comment_status":"closed","ping_status":"closed","template":"elementor_canvas","meta":{"footnotes":""},"yoast_head":"<!-- This site is optimized with the Yoast SEO plugin v22.6 - https:\/\/yoast.com\/wordpress\/plugins\/seo\/ -->\n<title>Dankeseite | Diamonds Beach<\/title>\n<meta name=\"robots\" content=\"index, follow, max-snippet:-1, max-image-preview:large, max-video-preview:-1\" \/>\n<link rel=\"canonical\" href=\"https:\/\/diamondsbeach.com\/en\/dankeseite\/\" \/>\n<meta property=\"og:locale\" content=\"en_GB\" \/>\n<meta property=\"og:type\" content=\"article\" \/>\n<meta property=\"og:title\" content=\"Dankeseite | Diamonds Beach\" \/>\n<meta property=\"og:description\" content=\"Danke! Thank You! Muchas Gracias! Super das du uns kontaktiert hast! Wir werden uns schnellstm\u00f6glich bei dir melden! Chillige Gr\u00fc\u00dfe! Great that you contacted us! We will contact you as soon as possible! Cheerful greetings \u00a1Qu\u00e9 bien que te hayas puesto en contacto con nosotros! \u00a1Nos pondremos en contacto con usted tan pronto como sea [&hellip;]\" \/>\n<meta property=\"og:url\" content=\"https:\/\/diamondsbeach.com\/en\/dankeseite\/\" \/>\n<meta property=\"og:site_name\" content=\"Diamonds Beach\" \/>\n<meta property=\"article:modified_time\" content=\"2023-05-31T18:05:23+00:00\" \/>\n<meta property=\"og:image\" content=\"https:\/\/diamondsbeach.com\/wp-content\/uploads\/2023\/05\/3.png\" \/>\n<meta name=\"twitter:card\" content=\"summary_large_image\" \/>\n<script type=\"application\/ld+json\" class=\"yoast-schema-graph\">{\"@context\":\"https:\/\/schema.org\",\"@graph\":[{\"@type\":\"WebPage\",\"@id\":\"https:\/\/diamondsbeach.com\/dankeseite\/\",\"url\":\"https:\/\/diamondsbeach.com\/dankeseite\/\",\"name\":\"Dankeseite | Diamonds Beach\",\"isPartOf\":{\"@id\":\"https:\/\/diamondsbeach.com\/#website\"},\"primaryImageOfPage\":{\"@id\":\"https:\/\/diamondsbeach.com\/dankeseite\/#primaryimage\"},\"image\":{\"@id\":\"https:\/\/diamondsbeach.com\/dankeseite\/#primaryimage\"},\"thumbnailUrl\":\"https:\/\/diamondsbeach.com\/wp-content\/uploads\/2023\/05\/3.png\",\"datePublished\":\"2023-05-31T11:10:15+00:00\",\"dateModified\":\"2023-05-31T18:05:23+00:00\",\"breadcrumb\":{\"@id\":\"https:\/\/diamondsbeach.com\/dankeseite\/#breadcrumb\"},\"inLanguage\":\"en-GB\",\"potentialAction\":[{\"@type\":\"ReadAction\",\"target\":[\"https:\/\/diamondsbeach.com\/dankeseite\/\"]}]},{\"@type\":\"ImageObject\",\"inLanguage\":\"en-GB\",\"@id\":\"https:\/\/diamondsbeach.com\/dankeseite\/#primaryimage\",\"url\":\"https:\/\/diamondsbeach.com\/wp-content\/uploads\/2023\/05\/3.png\",\"contentUrl\":\"https:\/\/diamondsbeach.com\/wp-content\/uploads\/2023\/05\/3.png\"},{\"@type\":\"BreadcrumbList\",\"@id\":\"https:\/\/diamondsbeach.com\/dankeseite\/#breadcrumb\",\"itemListElement\":[{\"@type\":\"ListItem\",\"position\":1,\"name\":\"Startseite\",\"item\":\"https:\/\/diamondsbeach.com\/\"},{\"@type\":\"ListItem\",\"position\":2,\"name\":\"Dankeseite\"}]},{\"@type\":\"WebSite\",\"@id\":\"https:\/\/diamondsbeach.com\/#website\",\"url\":\"https:\/\/diamondsbeach.com\/\",\"name\":\"Diamonds Beach\",\"description\":\"Beste Shisha &amp; Cocktaillounge in Portocolom \/ Mallorca\",\"potentialAction\":[{\"@type\":\"SearchAction\",\"target\":{\"@type\":\"EntryPoint\",\"urlTemplate\":\"https:\/\/diamondsbeach.com\/?s={search_term_string}\"},\"query-input\":\"required name=search_term_string\"}],\"inLanguage\":\"en-GB\"}]}<\/script>\n<!-- \/ Yoast SEO plugin. -->","yoast_head_json":{"title":"Dankeseite | Diamonds Beach","robots":{"index":"index","follow":"follow","max-snippet":"max-snippet:-1","max-image-preview":"max-image-preview:large","max-video-preview":"max-video-preview:-1"},"canonical":"https:\/\/diamondsbeach.com\/en\/dankeseite\/","og_locale":"en_GB","og_type":"article","og_title":"Dankeseite | Diamonds Beach","og_description":"Danke! Thank You! Muchas Gracias! Super das du uns kontaktiert hast! Wir werden uns schnellstm\u00f6glich bei dir melden! Chillige Gr\u00fc\u00dfe! Great that you contacted us! We will contact you as soon as possible! Cheerful greetings \u00a1Qu\u00e9 bien que te hayas puesto en contacto con nosotros! \u00a1Nos pondremos en contacto con usted tan pronto como sea [&hellip;]","og_url":"https:\/\/diamondsbeach.com\/en\/dankeseite\/","og_site_name":"Diamonds Beach","article_modified_time":"2023-05-31T18:05:23+00:00","og_image":[{"url":"https:\/\/diamondsbeach.com\/wp-content\/uploads\/2023\/05\/3.png"}],"twitter_card":"summary_large_image","schema":{"@context":"https:\/\/schema.org","@graph":[{"@type":"WebPage","@id":"https:\/\/diamondsbeach.com\/dankeseite\/","url":"https:\/\/diamondsbeach.com\/dankeseite\/","name":"Dankeseite | Diamonds Beach","isPartOf":{"@id":"https:\/\/diamondsbeach.com\/#website"},"primaryImageOfPage":{"@id":"https:\/\/diamondsbeach.com\/dankeseite\/#primaryimage"},"image":{"@id":"https:\/\/diamondsbeach.com\/dankeseite\/#primaryimage"},"thumbnailUrl":"https:\/\/diamondsbeach.com\/wp-content\/uploads\/2023\/05\/3.png","datePublished":"2023-05-31T11:10:15+00:00","dateModified":"2023-05-31T18:05:23+00:00","breadcrumb":{"@id":"https:\/\/diamondsbeach.com\/dankeseite\/#breadcrumb"},"inLanguage":"en-GB","potentialAction":[{"@type":"ReadAction","target":["https:\/\/diamondsbeach.com\/dankeseite\/"]}]},{"@type":"ImageObject","inLanguage":"en-GB","@id":"https:\/\/diamondsbeach.com\/dankeseite\/#primaryimage","url":"https:\/\/diamondsbeach.com\/wp-content\/uploads\/2023\/05\/3.png","contentUrl":"https:\/\/diamondsbeach.com\/wp-content\/uploads\/2023\/05\/3.png"},{"@type":"BreadcrumbList","@id":"https:\/\/diamondsbeach.com\/dankeseite\/#breadcrumb","itemListElement":[{"@type":"ListItem","position":1,"name":"Startseite","item":"https:\/\/diamondsbeach.com\/"},{"@type":"ListItem","position":2,"name":"Dankeseite"}]},{"@type":"WebSite","@id":"https:\/\/diamondsbeach.com\/#website","url":"https:\/\/diamondsbeach.com\/","name":"Diamonds Beach","description":"Beste Shisha &amp; Cocktaillounge in Portocolom \/ Mallorca","potentialAction":[{"@type":"SearchAction","target":{"@type":"EntryPoint","urlTemplate":"https:\/\/diamondsbeach.com\/?s={search_term_string}"},"query-input":"required name=search_term_string"}],"inLanguage":"en-GB"}]}},"_links":{"self":[{"href":"https:\/\/diamondsbeach.com\/en\/wp-json\/wp\/v2\/pages\/57"}],"collection":[{"href":"https:\/\/diamondsbeach.com\/en\/wp-json\/wp\/v2\/pages"}],"about":[{"href":"https:\/\/diamondsbeach.com\/en\/wp-json\/wp\/v2\/types\/page"}],"author":[{"embeddable":true,"href":"https:\/\/diamondsbeach.com\/en\/wp-json\/wp\/v2\/users\/1"}],"replies":[{"embeddable":true,"href":"https:\/\/diamondsbeach.com\/en\/wp-json\/wp\/v2\/comments?post=57"}],"version-history":[{"count":16,"href":"https:\/\/diamondsbeach.com\/en\/wp-json\/wp\/v2\/pages\/57\/revisions"}],"predecessor-version":[{"id":116,"href":"https:\/\/diamondsbeach.com\/en\/wp-json\/wp\/v2\/pages\/57\/revisions\/116"}],"wp:attachment":[{"href":"https:\/\/diamondsbeach.com\/en\/wp-json\/wp\/v2\/media?parent=57"}],"curies":[{"name":"wp","href":"https:\/\/api.w.org\/{rel}","templated":true}]}}